{"id":88,"date":"2026-04-06T14:46:33","date_gmt":"2026-04-06T14:46:33","guid":{"rendered":"https:\/\/sosdepanneur.com\/?page_id=88"},"modified":"2026-04-06T14:46:33","modified_gmt":"2026-04-06T14:46:33","slug":"boutique","status":"publish","type":"page","link":"https:\/\/sosdepanneur.com\/?page_id=88","title":{"rendered":"Boutique"},"content":{"rendered":"","protected":false},"excerpt":{"rendered":"","protected":false},"author":1,"featured_media":0,"parent":0,"menu_order":0,"comment_status":"closed","ping_status":"closed","template":"","meta":{"_crdt_document":"","footnotes":""},"class_list":["post-88","page","type-page","status-publish","hentry"],"yoast_head":"<!-- This site is optimized with the Yoast SEO plugin v27.3 - https:\/\/yoast.com\/product\/yoast-seo-wordpress\/ -->\n<title>Boutique - SOS D\u00e9panneur Maroc | Plomberie \u00c9lectricit\u00e9 Serrurerie 24\/7<\/title>\n<meta name=\"robots\" content=\"index, follow, max-snippet:-1, max-image-preview:large, max-video-preview:-1\" \/>\n<link rel=\"canonical\" href=\"https:\/\/sosdepanneur.com\/?page_id=88\" \/>\n<meta property=\"og:locale\" content=\"fr_FR\" \/>\n<meta property=\"og:type\" content=\"article\" \/>\n<meta property=\"og:title\" content=\"Boutique - SOS D\u00e9panneur Maroc | Plomberie \u00c9lectricit\u00e9 Serrurerie 24\/7\" \/>\n<meta property=\"og:url\" content=\"https:\/\/sosdepanneur.com\/?page_id=88\" \/>\n<meta property=\"og:site_name\" content=\"SOS D\u00e9panneur Maroc | Plomberie \u00c9lectricit\u00e9 Serrurerie 24\/7\" \/>\n<meta name=\"twitter:card\" content=\"summary_large_image\" \/>\n<script type=\"application\/ld+json\" class=\"yoast-schema-graph\">{\"@context\":\"https:\\\/\\\/schema.org\",\"@graph\":[{\"@type\":\"WebPage\",\"@id\":\"https:\\\/\\\/sosdepanneur.com\\\/?page_id=88\",\"url\":\"https:\\\/\\\/sosdepanneur.com\\\/?page_id=88\",\"name\":\"Boutique - SOS D\u00e9panneur Maroc | Plomberie \u00c9lectricit\u00e9 Serrurerie 24\\\/7\",\"isPartOf\":{\"@id\":\"https:\\\/\\\/sosdepanneur.com\\\/#website\"},\"datePublished\":\"2026-04-06T14:46:33+00:00\",\"breadcrumb\":{\"@id\":\"https:\\\/\\\/sosdepanneur.com\\\/?page_id=88#breadcrumb\"},\"inLanguage\":\"fr-FR\",\"potentialAction\":[{\"@type\":\"ReadAction\",\"target\":[\"https:\\\/\\\/sosdepanneur.com\\\/?page_id=88\"]}]},{\"@type\":\"BreadcrumbList\",\"@id\":\"https:\\\/\\\/sosdepanneur.com\\\/?page_id=88#breadcrumb\",\"itemListElement\":[{\"@type\":\"ListItem\",\"position\":1,\"name\":\"Accueil\",\"item\":\"https:\\\/\\\/sosdepanneur.com\\\/\"},{\"@type\":\"ListItem\",\"position\":2,\"name\":\"Boutique\"}]},{\"@type\":\"WebSite\",\"@id\":\"https:\\\/\\\/sosdepanneur.com\\\/#website\",\"url\":\"https:\\\/\\\/sosdepanneur.com\\\/\",\"name\":\"SOS D\u00e9panneur Maroc | Plomberie \u00c9lectricit\u00e9 Serrurerie 24\\\/7\",\"description\":\"\",\"publisher\":{\"@id\":\"https:\\\/\\\/sosdepanneur.com\\\/#organization\"},\"potentialAction\":[{\"@type\":\"SearchAction\",\"target\":{\"@type\":\"EntryPoint\",\"urlTemplate\":\"https:\\\/\\\/sosdepanneur.com\\\/?s={search_term_string}\"},\"query-input\":{\"@type\":\"PropertyValueSpecification\",\"valueRequired\":true,\"valueName\":\"search_term_string\"}}],\"inLanguage\":\"fr-FR\"},{\"@type\":\"Organization\",\"@id\":\"https:\\\/\\\/sosdepanneur.com\\\/#organization\",\"name\":\"SOS D\u00e9panneur Maroc | Plomberie \u00c9lectricit\u00e9 Serrurerie 24\\\/7\",\"url\":\"https:\\\/\\\/sosdepanneur.com\\\/\",\"logo\":{\"@type\":\"ImageObject\",\"inLanguage\":\"fr-FR\",\"@id\":\"https:\\\/\\\/sosdepanneur.com\\\/#\\\/schema\\\/logo\\\/image\\\/\",\"url\":\"https:\\\/\\\/sosdepanneur.com\\\/wp-content\\\/uploads\\\/2026\\\/04\\\/cropped-cropped-S-8.png\",\"contentUrl\":\"https:\\\/\\\/sosdepanneur.com\\\/wp-content\\\/uploads\\\/2026\\\/04\\\/cropped-cropped-S-8.png\",\"width\":512,\"height\":512,\"caption\":\"SOS D\u00e9panneur Maroc | Plomberie \u00c9lectricit\u00e9 Serrurerie 24\\\/7\"},\"image\":{\"@id\":\"https:\\\/\\\/sosdepanneur.com\\\/#\\\/schema\\\/logo\\\/image\\\/\"}}]}<\/script>\n<!-- \/ Yoast SEO plugin. -->","yoast_head_json":{"title":"Boutique - SOS D\u00e9panneur Maroc | Plomberie \u00c9lectricit\u00e9 Serrurerie 24\/7","robots":{"index":"index","follow":"follow","max-snippet":"max-snippet:-1","max-image-preview":"max-image-preview:large","max-video-preview":"max-video-preview:-1"},"canonical":"https:\/\/sosdepanneur.com\/?page_id=88","og_locale":"fr_FR","og_type":"article","og_title":"Boutique - SOS D\u00e9panneur Maroc | Plomberie \u00c9lectricit\u00e9 Serrurerie 24\/7","og_url":"https:\/\/sosdepanneur.com\/?page_id=88","og_site_name":"SOS D\u00e9panneur Maroc | Plomberie \u00c9lectricit\u00e9 Serrurerie 24\/7","twitter_card":"summary_large_image","schema":{"@context":"https:\/\/schema.org","@graph":[{"@type":"WebPage","@id":"https:\/\/sosdepanneur.com\/?page_id=88","url":"https:\/\/sosdepanneur.com\/?page_id=88","name":"Boutique - SOS D\u00e9panneur Maroc | Plomberie \u00c9lectricit\u00e9 Serrurerie 24\/7","isPartOf":{"@id":"https:\/\/sosdepanneur.com\/#website"},"datePublished":"2026-04-06T14:46:33+00:00","breadcrumb":{"@id":"https:\/\/sosdepanneur.com\/?page_id=88#breadcrumb"},"inLanguage":"fr-FR","potentialAction":[{"@type":"ReadAction","target":["https:\/\/sosdepanneur.com\/?page_id=88"]}]},{"@type":"BreadcrumbList","@id":"https:\/\/sosdepanneur.com\/?page_id=88#breadcrumb","itemListElement":[{"@type":"ListItem","position":1,"name":"Accueil","item":"https:\/\/sosdepanneur.com\/"},{"@type":"ListItem","position":2,"name":"Boutique"}]},{"@type":"WebSite","@id":"https:\/\/sosdepanneur.com\/#website","url":"https:\/\/sosdepanneur.com\/","name":"SOS D\u00e9panneur Maroc | Plomberie \u00c9lectricit\u00e9 Serrurerie 24\/7","description":"","publisher":{"@id":"https:\/\/sosdepanneur.com\/#organization"},"potentialAction":[{"@type":"SearchAction","target":{"@type":"EntryPoint","urlTemplate":"https:\/\/sosdepanneur.com\/?s={search_term_string}"},"query-input":{"@type":"PropertyValueSpecification","valueRequired":true,"valueName":"search_term_string"}}],"inLanguage":"fr-FR"},{"@type":"Organization","@id":"https:\/\/sosdepanneur.com\/#organization","name":"SOS D\u00e9panneur Maroc | Plomberie \u00c9lectricit\u00e9 Serrurerie 24\/7","url":"https:\/\/sosdepanneur.com\/","logo":{"@type":"ImageObject","inLanguage":"fr-FR","@id":"https:\/\/sosdepanneur.com\/#\/schema\/logo\/image\/","url":"https:\/\/sosdepanneur.com\/wp-content\/uploads\/2026\/04\/cropped-cropped-S-8.png","contentUrl":"https:\/\/sosdepanneur.com\/wp-content\/uploads\/2026\/04\/cropped-cropped-S-8.png","width":512,"height":512,"caption":"SOS D\u00e9panneur Maroc | Plomberie \u00c9lectricit\u00e9 Serrurerie 24\/7"},"image":{"@id":"https:\/\/sosdepanneur.com\/#\/schema\/logo\/image\/"}}]}},"_links":{"self":[{"href":"https:\/\/sosdepanneur.com\/index.php?rest_route=\/wp\/v2\/pages\/88","targetHints":{"allow":["GET"]}}],"collection":[{"href":"https:\/\/sosdepanneur.com\/index.php?rest_route=\/wp\/v2\/pages"}],"about":[{"href":"https:\/\/sosdepanneur.com\/index.php?rest_route=\/wp\/v2\/types\/page"}],"author":[{"embeddable":true,"href":"https:\/\/sosdepanneur.com\/index.php?rest_route=\/wp\/v2\/users\/1"}],"replies":[{"embeddable":true,"href":"https:\/\/sosdepanneur.com\/index.php?rest_route=%2Fwp%2Fv2%2Fcomments&post=88"}],"version-history":[{"count":1,"href":"https:\/\/sosdepanneur.com\/index.php?rest_route=\/wp\/v2\/pages\/88\/revisions"}],"predecessor-version":[{"id":94,"href":"https:\/\/sosdepanneur.com\/index.php?rest_route=\/wp\/v2\/pages\/88\/revisions\/94"}],"wp:attachment":[{"href":"https:\/\/sosdepanneur.com\/index.php?rest_route=%2Fwp%2Fv2%2Fmedia&parent=88"}],"curies":[{"name":"wp","href":"https:\/\/api.w.org\/{rel}","templated":true}]}}